{"id":7073,"date":"2025-03-10T11:21:35","date_gmt":"2025-03-10T11:21:35","guid":{"rendered":"https:\/\/pibitz.com\/?page_id=7073"},"modified":"2025-03-10T11:22:00","modified_gmt":"2025-03-10T11:22:00","slug":"impressum","status":"publish","type":"page","link":"https:\/\/pibitz.com\/en\/impressum\/","title":{"rendered":"Impressum"},"content":{"rendered":"<div data-elementor-type=\"wp-page\" data-elementor-id=\"7073\" class=\"elementor elementor-7073\">\n\t\t\t\t<div class=\"elementor-element elementor-element-4bc6a07 e-flex e-con-boxed e-con e-parent\" data-id=\"4bc6a07\" data-element_type=\"container\">\n\t\t\t\t\t<div class=\"e-con-inner\">\n\t\t\t\t<div class=\"elementor-element elementor-element-1de7ed1 elementor-widget elementor-widget-text-editor\" data-id=\"1de7ed1\" data-element_type=\"widget\" data-widget_type=\"text-editor.default\">\n\t\t\t\t<div class=\"elementor-widget-container\">\n\t\t\t\t\t\t\t\t\t<p class=\"a___________ tm8\"><strong><span class=\"a______\">Impressum<\/span><\/strong><\/p><p class=\"a___________\"><strong><span class=\"a______\">Angaben gem\u00e4\u00df \u00a7 5 E-Commerce-Gesetz (ECG), \u00a7 14 Unternehmensgesetzbuch (UGB) und Offenlegungspflicht nach \u00a7 25 Mediengesetz<\/span><\/strong><\/p><p class=\"a___________\"><strong><span class=\"a______\">Unternehmen:<\/span><\/strong><span class=\"tm10\"><br \/>Pibitz Consulting<\/span><\/p><p class=\"a___________\"><strong><span class=\"a______\">Inhaber:<\/span><\/strong><span class=\"tm10\"><br \/>Christian Pibitz<\/span><\/p><p class=\"a___________\"><strong><span class=\"a______\">Anschrift:<\/span><\/strong><span class=\"tm10\"><br \/>Bennoplatz 8\/43<br \/>1080 Wien, \u00d6sterreich<\/span><\/p><p class=\"a___________\"><strong><span class=\"a______\">Kontakt:<\/span><\/strong><span class=\"tm10\"><br \/>Steuernummer: 03\/425 4771<br \/>Mobil: +43 699 19698000<br \/>E-Mail: info@pibitz.com<br \/>Website:<\/span>\u00a0<u><a href=\"https:\/\/pibitz.com\/en\/\">https:\/\/pibitz.com<\/a><\/u><\/p><p class=\"a___________\"><strong><span class=\"a______\">Unternehmensgegenstand:<\/span><\/strong><span class=\"tm10\"><br \/>Beratung und Consulting-Dienstleistungen<\/span><\/p><p class=\"a___________\"><strong><span class=\"a______\">Umsatzsteuer-Identifikationsnummer (UID):<\/span><\/strong><span class=\"tm10\"><br \/>Steuernummer: 03\/425 4771<\/span><\/p><p class=\"a___________\"><strong><span class=\"a______\">Gewerbebeh\u00f6rde:<\/span><\/strong><span class=\"tm10\"><br \/>Magistrat der Stadt Wien<\/span><\/p><p class=\"a___________\"><strong><span class=\"a______\">Kammerzugeh\u00f6rigkeit:<\/span><\/strong><span class=\"tm10\"><br \/>Wirtschaftskammer \u00d6sterreich (WKO)<\/span><\/p><p class=\"a___________\"><strong><span class=\"a______\">Berufsrechtliche Vorschriften:<\/span><\/strong><span class=\"tm10\"><br \/>Gewerbeordnung (www.ris.bka.gv.at)<\/span><\/p><p class=\"a___________\"><strong><span class=\"a______\">Haftung f\u00fcr Inhalte dieser Website:<\/span><\/strong><span class=\"tm10\"><br \/>Die Inhalte dieser Website wurden mit gr\u00f6\u00dftm\u00f6glicher Sorgfalt erstellt. F\u00fcr die Richtigkeit, Vollst\u00e4ndigkeit und Aktualit\u00e4t der Inhalte \u00fcbernehmen wir jedoch keine Gew\u00e4hr. Als Diensteanbieter sind wir gem\u00e4\u00df \u00a7 18 ECG f\u00fcr eigene Inhalte auf diesen Seiten nach den allgemeinen Gesetzen verantwortlich. Wir sind jedoch nicht verpflichtet, \u00fcbermittelte oder gespeicherte fremde Informationen zu \u00fcberwachen oder nach Umst\u00e4nden zu forschen, die auf eine rechtswidrige T\u00e4tigkeit hinweisen.<\/span><\/p><p class=\"a___________\"><strong><span class=\"a______\">Haftung f\u00fcr Links auf dieser Website:<\/span><\/strong><span class=\"tm10\"><br \/>Unsere Website enth\u00e4lt Links zu externen Websites Dritter, auf deren Inhalte wir keinen Einfluss haben. Deshalb k\u00f6nnen wir f\u00fcr diese fremden Inhalte auch keine Gew\u00e4hr \u00fcbernehmen. F\u00fcr die Inhalte der verlinkten Seiten ist stets der jeweilige Anbieter oder Betreiber der Seiten verantwortlich.<\/span><\/p><p class=\"a___________\"><strong><span class=\"a______\">Urheberrecht:<\/span><\/strong><span class=\"tm10\"><br \/>Die durch die Seitenbetreiber erstellten Inhalte und Werke auf diesen Seiten unterliegen dem \u00f6sterreichischen Urheberrecht. Die Vervielf\u00e4ltigung, Bearbeitung, Verbreitung und jede Art der Verwertung au\u00dferhalb der Grenzen des Urheberrechtes bed\u00fcrfen der schriftlichen Zustimmung des jeweiligen Autors bzw. Erstellers.<\/span><\/p><p class=\"a___________\"><strong><span class=\"a______\">Streitschlichtung:<\/span><\/strong><span class=\"tm10\"><br \/>Die Europ\u00e4ische Kommission stellt eine Plattform zur Online-Streitbeilegung (OS) bereit:<\/span>\u00a0<u><a href=\"https:\/\/ec.europa.eu\/consumers\/odr\">https:\/\/ec.europa.eu\/consumers\/odr<\/a><\/u><span class=\"tm10\">. Wir sind nicht bereit oder verpflichtet, an Streitbeilegungsverfahren vor einer Verbraucherschlichtungsstelle teilzunehmen.<\/span><\/p>\t\t\t\t\t\t\t\t<\/div>\n\t\t\t\t<\/div>\n\t\t\t\t\t<\/div>\n\t\t\t\t<\/div>\n\t\t\t\t<\/div>","protected":false},"excerpt":{"rendered":"<p>Impressum Angaben gem\u00e4\u00df \u00a7 5 E-Commerce-Gesetz (ECG), \u00a7 14 Unternehmensgesetzbuch (UGB) und Offenlegungspflicht nach \u00a7 25 Mediengesetz Unternehmen:Pibitz Consulting Inhaber:Christian Pibitz Anschrift:Bennoplatz 8\/431080 Wien, \u00d6sterreich Kontakt:Steuernummer: 03\/425 4771Mobil: +43 699 19698000E-Mail: info@pibitz.comWebsite:\u00a0https:\/\/pibitz.com Unternehmensgegenstand:Beratung und Consulting-Dienstleistungen Umsatzsteuer-Identifikationsnummer (UID):Steuernummer: 03\/425 4771 Gewerbebeh\u00f6rde:Magistrat der Stadt Wien Kammerzugeh\u00f6rigkeit:Wirtschaftskammer \u00d6sterreich (WKO) Berufsrechtliche Vorschriften:Gewerbeordnung (www.ris.bka.gv.at) Haftung f\u00fcr Inhalte dieser Website:Die Inhalte [&hellip;]<\/p>","protected":false},"author":1,"featured_media":0,"parent":0,"menu_order":0,"comment_status":"closed","ping_status":"closed","template":"elementor_canvas","meta":{"inline_featured_image":false,"footnotes":""},"class_list":["post-7073","page","type-page","status-publish","hentry"],"_links":{"self":[{"href":"https:\/\/pibitz.com\/en\/wp-json\/wp\/v2\/pages\/7073","targetHints":{"allow":["GET"]}}],"collection":[{"href":"https:\/\/pibitz.com\/en\/wp-json\/wp\/v2\/pages"}],"about":[{"href":"https:\/\/pibitz.com\/en\/wp-json\/wp\/v2\/types\/page"}],"author":[{"embeddable":true,"href":"https:\/\/pibitz.com\/en\/wp-json\/wp\/v2\/users\/1"}],"replies":[{"embeddable":true,"href":"https:\/\/pibitz.com\/en\/wp-json\/wp\/v2\/comments?post=7073"}],"version-history":[{"count":3,"href":"https:\/\/pibitz.com\/en\/wp-json\/wp\/v2\/pages\/7073\/revisions"}],"predecessor-version":[{"id":7076,"href":"https:\/\/pibitz.com\/en\/wp-json\/wp\/v2\/pages\/7073\/revisions\/7076"}],"wp:attachment":[{"href":"https:\/\/pibitz.com\/en\/wp-json\/wp\/v2\/media?parent=7073"}],"curies":[{"name":"wp","href":"https:\/\/api.w.org\/{rel}","templated":true}]}}